{"id":137,"date":"2022-01-26T12:35:02","date_gmt":"2022-01-26T11:35:02","guid":{"rendered":"https:\/\/peacock-int.com\/kamasoetra\/?page_id=137"},"modified":"2022-02-14T17:09:04","modified_gmt":"2022-02-14T16:09:04","slug":"ks-deel-iii","status":"publish","type":"page","link":"https:\/\/peacock-int.com\/kamasoetra\/kama-sutra-2ginleidin\/ks-deel-iii\/","title":{"rendered":"KamaSoetra-Deel III"},"content":{"rendered":"\n<p class=\"has-text-align-center has-medium-font-size\" style=\"font-style:normal\">K\u0101ma-s\u016btra<\/p>\n\n\n\n<div id=\"ez-toc-container\" class=\"ez-toc-v2_0_82_2 counter-hierarchy ez-toc-counter ez-toc-custom ez-toc-container-direction\">\n<div class=\"ez-toc-title-container\"><p class=\"ez-toc-title\" style=\"cursor:inherit\">Inhoud:<\/p>\n<\/div><nav><ul class='ez-toc-list ez-toc-list-level-1 ' ><li class='ez-toc-page-1 ez-toc-heading-level-2'><a class=\"ez-toc-link ez-toc-heading-1\" href=\"https:\/\/peacock-int.com\/kamasoetra\/kama-sutra-2ginleidin\/ks-deel-iii\/#DEEL_III\" >DEEL III<\/a><\/li><li class='ez-toc-page-1 ez-toc-heading-level-2'><a class=\"ez-toc-link ez-toc-heading-2\" href=\"https:\/\/peacock-int.com\/kamasoetra\/kama-sutra-2ginleidin\/ks-deel-iii\/#OVER_HET_VERKRIJGEN_VAN_EEN_VROUW\" >OVER HET VERKRIJGEN VAN EEN VROUW.<\/a><\/li><li class='ez-toc-page-1 ez-toc-heading-level-2'><a class=\"ez-toc-link ez-toc-heading-3\" href=\"https:\/\/peacock-int.com\/kamasoetra\/kama-sutra-2ginleidin\/ks-deel-iii\/#Inhoud\" >Inhoud<\/a><\/li><li class='ez-toc-page-1 ez-toc-heading-level-2'><a class=\"ez-toc-link ez-toc-heading-4\" href=\"https:\/\/peacock-int.com\/kamasoetra\/kama-sutra-2ginleidin\/ks-deel-iii\/#Hoofdstuk_1_OVER_HET_HUWELIJK\" >Hoofdstuk 1. OVER HET HUWELIJK<\/a><\/li><\/ul><\/nav><\/div>\n<h2 class=\"has-text-align-center has-text-color wp-block-heading\" id=\"deel-iii\" style=\"color:#661656;font-style:normal\"><span class=\"ez-toc-section\" id=\"DEEL_III\"><\/span>DEEL III<span class=\"ez-toc-section-end\"><\/span><\/h2>\n\n\n\n<h2 class=\"has-text-align-center has-text-color wp-block-heading\" id=\"over-het-verkrijgen-van-een-vrouw\" style=\"color:#6c203b;font-style:normal\"><span class=\"ez-toc-section\" id=\"OVER_HET_VERKRIJGEN_VAN_EEN_VROUW\"><\/span>OVER HET VERKRIJGEN VAN EEN VROUW.<span class=\"ez-toc-section-end\"><\/span><\/h2>\n\n\n\n<h2 class=\"wp-block-heading\" id=\"inhoud\"><span class=\"ez-toc-section\" id=\"Inhoud\"><\/span>Inhoud<span class=\"ez-toc-section-end\"><\/span><\/h2>\n\n\n\n<p>Hoofdstuk:<\/p>\n\n\n\n<ol class=\"wp-block-list\"><li><a href=\"https:\/\/peacock-int.com\/kamasoetra\/?page_id=137\/#Hfdst-1\">Opmerkingen over verloving en huwelijk<\/a><\/li><li><a href=\"https:\/\/peacock-int.com\/kamasoetra\/?page_id=922\/#hfdst-III_2\">Over het cre\u00ebren van vertrouwen in het meisje<\/a><\/li><li><a href=\"http:\/\/&quot; https:\/\/peacock-int.com\/kamasoetra\/?page_id=922\/#hfdst-III_3\">Verkering<\/a>, en de manifestatie van de gevoelens door uiterlijke tekenen en daden<\/li><li><a href=\"http:\/\/&quot; https:\/\/peacock-int.com\/kamasoetra\/?page_id=922\/#hfdst-III_4\">Over dingen die alleen door de man moeten worden gedaan,<\/a> en de verwerving van het meisje daarbij. Ook wat moet een meisje doen om een \u200b\u200bman te overwinnen en hem aan haar te onderwerpen?<\/li><li><a href=\"https:\/\/peacock-int.com\/kamasoetra\/?page_id=948\/\">Over de verschillende huwelijksvormen<\/a><\/li><\/ol>\n\n\n\n<h2 class=\"has-text-align-center has-text-color wp-block-heading\" id=\"Hfdst-1\" style=\"color:#6c203b;font-style:normal\"><span class=\"ez-toc-section\" id=\"Hoofdstuk_1_OVER_HET_HUWELIJK\"><\/span>Hoofdstuk 1.<br>OVER HET HUWELIJK<span class=\"ez-toc-section-end\"><\/span><\/h2>\n\n\n\n<p>Wanneer een meisje van dezelfde kaste en een maagd getrouwd is in overeenstemming met de voorschriften van de Heilige Schrift, zijn de resultaten van zo&#8217;n verbintenis: de verwerving van Dharma en Artha, nakomelingen, affiniteit, toename van vrienden en onbezoedelde liefde. <br>Om deze reden moet een man zijn genegenheid vestigen op een meisje uit een goede familie, wier ouders nog in leven zijn en dat drie jaar of meer jonger is dan hijzelf. Ze zou geboren moeten worden in een zeer respectabele familie, rijk zijn, goede connecties hebben en veel relaties en vrienden hebben. Ze zou ook mooi moeten zijn, van een goed karakter, met gelukstekens op haar lichaam, en met goed haar, nagels, tanden, oren, ogen en borsten, niet meer of minder dan ze zouden moeten zijn, en geen van hen helemaal gebrek, en niet geplaagd door een ziekelijk lichaam. <br>De man moet deze kwaliteiten natuurlijk ook zelf bezitten. Maar in ieder geval, zegt {tooltip}Ghotakamukha{end-texte}Een van de auteurs van de Babhravya-groep die tussen de 3e en 1e eeuw voor Christus verschillende delen van de samenvatting van Shvetaketu\u2019s samenvatting uit de 8e eeuw BC heeft bewerkt en ingekort.{end-tooltip} mag een meisje dat al met anderen is verbonden (d.w.z. niet langer een meisje is), nooit worden bemind, want het zou verwijtbaar zijn zoiets te doen.<\/p>\n\n\n\n<p>Om nu een huwelijk tot stand te brengen met zo&#8217;n meisje zoals hierboven beschreven, moeten de ouders en verwanten van de man zich inspannen, evenals de vrienden aan beide kanten die gewenst kunnen zijn om in de zaak te helpen. Deze vrienden moeten de ouders van het meisje onder de aandacht brengen van de fouten, zowel huidige als toekomstige, van alle andere mannen die met haar willen trouwen, en moeten tegelijkertijd zelfs tot overdrijving alle voortreffelijkheden, voorouderlijk en vaderlijk, verheerlijken, van hun vriend, om hem geliefd te maken bij hen, en in het bijzonder bij degenen die misschien aardig gevonden worden door de moeder van het meisje. Een van de vrienden moet zich ook vermommen als een astroloog en het toekomstige geluk en de rijkdom van zijn vriend bekendmaken door het bestaan \u200b\u200bvan alle gelukkige <span style=\"text-decoration: underline;\" class=\"underline\">voortekenen en tekens<\/span>, de goede invloed van planeten, de gunstige ingang aan te tonen. van de zon in een teken van de dierenriem, gunstige sterren en gelukkige tekens op zijn lichaam. <br>Anderen zouden opnieuw de jaloezie van de moeder van het meisje moeten wekken door haar te vertellen dat hun vriend een kans heeft om van een andere kant zelfs een beter meisje te krijgen dan de hare.<\/p>\n\n\n\n<p>Een meisje moet tot vrouw worden genomen, zoals ook in het huwelijk wordt gegeven, wanneer geluk, tekenen, voortekenen en de woorden  van anderen gunstig zijn, want, zegt <span style=\"text-decoration: underline;\" class=\"underline\">Ghotakamukha<\/span>, een man zou niet moeten trouwen op elk gewenst moment. Een meisje dat slaapt, huilt, of het huis uitgaat als ze ten huwelijk wordt gevraagd, of die verloofd is met een ander, mag niet trouwen. <br>Het volgende moet ook worden vermeden.<\/p>\n\n\n\n<ul class=\"wp-block-list\"><li>Iemand die verborgen wordt gehouden.<\/li><li>Iemand met een slecht klinkende naam.<\/li><li>Iemand met een depressieve neus.<\/li><li>Iemand die haar neusgat omhoog heeft.<\/li><li>Iemand die gevormd is als een man.<\/li><li>Iemand die gebogen is.<\/li><li>Iemand met kromme dijen.<\/li><li>Iemand met een vooruitstekend voorhoofd.<\/li><li>Iemand met een kaal hoofd.<\/li><li>Iemand die niet van puurheid houdt.<\/li><li>Iemand die door een ander is vervuild.<\/li><li>Iemand die getroffen is door de Gulma.<\/li><li>Iemand die op wat voor manier dan ook misvormd is.<\/li><li>Eentje die helemaal in de puberteit is gekomen.<\/li><li>Iemand die een vriend is.<\/li><li>Iemand die een jongere zus is.<\/li><li>Iemand die een Varshakari is. <\/li><\/ul>\n\n\n\n<p>Op dezelfde manier wordt een meisje dat wordt genoemd bij de naam van een van de zevenentwintig sterren, of bij de naam van een boom of een rivier, als waardeloos beschouwd, evenals een meisje wiens naam eindigt op &#8220;r&#8221; of &#8220;Ik.&#8221; Maar sommige auteurs zeggen dat voorspoed alleen wordt verkregen door te trouwen met dat meisje aan wie men gehecht raakt, en dat daarom geen ander meisje dan degene van wie men houdt, door wie dan ook mag trouwen.<\/p>\n\n\n\n<p>Wanneer een meisje huwbaar wordt, moeten haar ouders haar netjes kleden en haar plaatsen waar ze door iedereen gemakkelijk kan worden gezien. Elke middag zouden ze haar, nadat ze haar op een fatsoenlijke manier hebben gekleed en versierd, met haar vrouwelijke metgezellen moeten sturen naar sporten, offers en huwelijksceremonies, en zo haar voordeel in de samenleving laten zien, omdat ze een soort koopwaar is. Ze moeten ook met vriendelijke woorden en tekenen van vriendelijkheid degenen met een gunstig uiterlijk ontvangen die vergezeld kunnen gaan van hun vrienden en verwanten om met hun dochter te trouwen, en onder een of ander voorwendsel haar eerst betamelijk te hebben gekleed, haar dan aan te bieden aan hen. Hierna zouden ze het geluk van het geluk moeten afwachten en met dit doel een toekomstige dag moeten aanwijzen waarop een besluit zou kunnen worden genomen met betrekking tot het huwelijk van hun dochter. Bij deze gelegenheid, wanneer de personen zijn gekomen, moeten de ouders van het meisje hen vragen om te baden en te dineren, en moeten ze zeggen: &#8220;Alles zal op het juiste moment plaatsvinden&#8221;, en moeten dan niet aan het verzoek voldoen, maar de later van belang.<\/p>\n\n\n\n<p>Wanneer een meisje aldus wordt verkregen, hetzij volgens de gewoonte van het land, hetzij volgens zijn eigen verlangen, moet de man haar trouwen in overeenstemming met de voorschriften van de Heilige Schrift, volgens een van de vier soorten huwelijken.<\/p>\n\n\n\n<p>Zo eindigt het huwelijk.<\/p>\n\n\n\n<p>Er zijn ook enkele verzen over het onderwerp als volgt:<\/p>\n\n\n\n<div class=\"wp-block-kioken-rowlayout alignnone bust-out-none\"><div id=\"kt-layout-id_dda30a-fd\" class=\"kio-row-layout-inner  kt-layout-id_dda30a-fd\"><div class=\"kt-row-column-wrap kt-has-2-columns kt-gutter-default kt-row-valign-top kio-row-layout-center-exwide kt-tab-layout-inherit kt-m-colapse-left-to-right kt-mobile-layout-row\">\n<div class=\"wp-block-kioken-column inner-column-1 kioken-column_b68381-db\"><div class=\"kt-inside-inner-col\" style=\"background-blend-mode:normal\"><div>\n<div class=\"wp-block-image\"><figure class=\"alignright size-medium is-resized\"><img data-recalc-dims=\"1\" decoding=\"async\" src=\"https:\/\/i0.wp.com\/peacock-int.com\/kamasoetra\/wp-content\/uploads\/2022\/02\/quote-blue-e1644166233850-300x149.png?resize=60%2C30&#038;ssl=1\" alt=\"\" class=\"wp-image-585\" width=\"60\" height=\"30\"\/><\/figure><\/div>\n<\/div><\/div><\/div>\n\n\n\n<div class=\"wp-block-kioken-column inner-column-2 kioken-column_54c6cf-68\"><div class=\"kt-inside-inner-col\" style=\"background-blend-mode:normal\"><div>\n<p>Amusement in de samenleving, zoals het voltooien van verzen die door anderen zijn begonnen, huwelijken en gunstige ceremonies mogen niet worden uitgevoerd met superieuren of ondergeschikten,&nbsp;maar met onze gelijken. Dat moet bekend staan als een hoge band wanneer een man, nadat hij met een meisje is getrouwd, haar en haar relaties daarna als een bediende moet dienen, en een dergelijke band wordt door de goeden afgekeurd. Aan de andere kant wordt die verwijtbare verbinding, waar een man, samen met zijn verwanten, heerschappij voert over zijn vrouw, door de wijzen een lage verbinding genoemd. Maar wanneer zowel de man als de vrouw elkaar wederzijds genoegen schenken, en waar de verwanten aan beide kanten respect voor elkaar hebben, heet dat een verbinding in de eigenlijke zin van het woord. Daarom moet een man noch een hoge band aangaan waardoor hij zich daarna voor zijn verwanten moet buigen, noch een lage band, die algemeen door iedereen wordt verworpen.<\/p>\n<\/div><\/div><\/div>\n\n\n\n<div class=\"wp-block-kioken-column inner-column-3 kioken-column_0fdeb0-99 align-self-end\"><div class=\"kt-inside-inner-col\" style=\"background-blend-mode:normal\"><div>\n<div class=\"wp-block-image\"><figure class=\"alignleft size-medium is-resized\"><img data-recalc-dims=\"1\" decoding=\"async\" src=\"https:\/\/i0.wp.com\/peacock-int.com\/kamasoetra\/wp-content\/uploads\/2022\/02\/quote-blue-e1644166233850-300x149.png?resize=60%2C30&#038;ssl=1\" alt=\"\" class=\"wp-image-585\" width=\"60\" height=\"30\"\/><\/figure><\/div>\n<\/div><\/div><\/div>\n<\/div><\/div><\/div>\n","protected":false},"excerpt":{"rendered":"<p>K\u0101ma-s\u016btra DEEL III OVER HET VERKRIJGEN VAN EEN VROUW. Inhoud Hoofdstuk: Opmerkingen over verloving en huwelijk Over het cre\u00ebren van vertrouwen in het meisje Verkering, en de manifestatie van de gevoelens door uiterlijke tekenen en daden Over dingen die alleen door de man moeten worden gedaan, en de verwerving van het meisje daarbij. Ook wat [&hellip;]<\/p>\n","protected":false},"author":1,"featured_media":0,"parent":4,"menu_order":130,"comment_status":"closed","ping_status":"closed","template":"","meta":{"nf_dc_page":"","_uag_custom_page_level_css":"","kk_blocks_editor_width":"","_kiokenblocks_attr":"","_kiokenblocks_dimensions":"","ngg_post_thumbnail":0,"ocean_post_layout":"full-width","ocean_both_sidebars_style":"","ocean_both_sidebars_content_width":0,"ocean_both_sidebars_sidebars_width":0,"ocean_sidebar":"sidebar","ocean_second_sidebar":"0","ocean_disable_margins":"enable","ocean_add_body_class":"","ocean_shortcode_before_top_bar":"","ocean_shortcode_after_top_bar":"","ocean_shortcode_before_header":"","ocean_shortcode_after_header":"","ocean_has_shortcode":"","ocean_shortcode_after_title":"","ocean_shortcode_before_footer_widgets":"","ocean_shortcode_after_footer_widgets":"","ocean_shortcode_before_footer_bottom":"","ocean_shortcode_after_footer_bottom":"","ocean_display_top_bar":"default","ocean_display_header":"default","ocean_header_style":"","ocean_center_header_left_menu":"0","ocean_custom_header_template":"0","ocean_custom_logo":0,"ocean_custom_retina_logo":0,"ocean_custom_logo_max_width":0,"ocean_custom_logo_tablet_max_width":0,"ocean_custom_logo_mobile_max_width":0,"ocean_custom_logo_max_height":0,"ocean_custom_logo_tablet_max_height":0,"ocean_custom_logo_mobile_max_height":0,"ocean_header_custom_menu":"38","ocean_menu_typo_font_family":"Bookman Old Style, serif","ocean_menu_typo_font_subset":"","ocean_menu_typo_font_size":null,"ocean_menu_typo_font_size_tablet":0,"ocean_menu_typo_font_size_mobile":0,"ocean_menu_typo_font_size_unit":"px","ocean_menu_typo_font_weight":"500","ocean_menu_typo_font_weight_tablet":"","ocean_menu_typo_font_weight_mobile":"","ocean_menu_typo_transform":"","ocean_menu_typo_transform_tablet":"","ocean_menu_typo_transform_mobile":"","ocean_menu_typo_line_height":0,"ocean_menu_typo_line_height_tablet":0,"ocean_menu_typo_line_height_mobile":0,"ocean_menu_typo_line_height_unit":"","ocean_menu_typo_spacing":0,"ocean_menu_typo_spacing_tablet":0,"ocean_menu_typo_spacing_mobile":0,"ocean_menu_typo_spacing_unit":"","ocean_menu_link_color":"#000000","ocean_menu_link_color_hover":"#e91e63","ocean_menu_link_color_active":"#00bcd4","ocean_menu_link_background":"#6c203b","ocean_menu_link_hover_background":"#ffeb3b","ocean_menu_link_active_background":"#0119a3","ocean_menu_social_links_bg":"","ocean_menu_social_hover_links_bg":"","ocean_menu_social_links_color":"","ocean_menu_social_hover_links_color":"","ocean_disable_title":"enable","ocean_disable_heading":"enable","ocean_post_title":" K\u0101mas\u016btra (\u0915\u093e\u092e\u0938\u0942\u0924\u094d\u0930)","ocean_post_subheading":"DEEL III - Kanya Samprayuktaka (vereniging van mannen en vrouwen)","ocean_post_title_style":"centered","ocean_post_title_background_color":"","ocean_post_title_background":0,"ocean_post_title_bg_image_position":"","ocean_post_title_bg_image_attachment":"","ocean_post_title_bg_image_repeat":"","ocean_post_title_bg_image_size":"","ocean_post_title_height":0,"ocean_post_title_bg_overlay":0.5,"ocean_post_title_bg_overlay_color":"","ocean_disable_breadcrumbs":"default","ocean_breadcrumbs_color":"","ocean_breadcrumbs_separator_color":"","ocean_breadcrumbs_links_color":"","ocean_breadcrumbs_links_hover_color":"","ocean_display_footer_widgets":"default","ocean_display_footer_bottom":"default","ocean_custom_footer_template":"0","footnotes":""},"class_list":["post-137","page","type-page","status-publish","hentry","entry"],"yoast_head":"<!-- This site is optimized with the Yoast SEO plugin v27.5 - https:\/\/yoast.com\/product\/yoast-seo-wordpress\/ -->\n<title>KamaSoetra-Deel III<\/title>\n<meta name=\"description\" content=\"Kanya Samprayuktaka (vereniging van mannen en vrouwen) Wanneer een meisje van dezelfde kaste en een maagd getrouwd is { Lees verder ...]\" \/>\n<meta name=\"robots\" content=\"index, follow, max-snippet:-1, max-image-preview:large, max-video-preview:-1\" \/>\n<link rel=\"canonical\" href=\"https:\/\/peacock-int.com\/kamasoetra\/kama-sutra-2ginleidin\/ks-deel-iii\/\" \/>\n<meta property=\"og:locale\" content=\"nl_NL\" \/>\n<meta property=\"og:type\" content=\"article\" \/>\n<meta property=\"og:title\" content=\"KamaSoetra-Deel III\" \/>\n<meta property=\"og:description\" content=\"Kanya Samprayuktaka (vereniging van mannen en vrouwen) Wanneer een meisje van dezelfde kaste en een maagd getrouwd is { Lees verder ...]\" \/>\n<meta property=\"og:url\" content=\"https:\/\/peacock-int.com\/kamasoetra\/kama-sutra-2ginleidin\/ks-deel-iii\/\" \/>\n<meta property=\"og:site_name\" content=\"Kama-Soetra\" \/>\n<meta property=\"article:modified_time\" content=\"2022-02-14T16:09:04+00:00\" \/>\n<meta property=\"og:image\" content=\"https:\/\/peacock-int.com\/kamasoetra\/wp-content\/uploads\/2022\/02\/quote-blue-e1644166233850-300x149.png\" \/>\n<meta name=\"twitter:card\" content=\"summary_large_image\" \/>\n<meta name=\"twitter:label1\" content=\"Verwachte leestijd\" \/>\n\t<meta name=\"twitter:data1\" content=\"7 minuten\" \/>\n<script type=\"application\/ld+json\" class=\"yoast-schema-graph\">{\"@context\":\"https:\\\/\\\/schema.org\",\"@graph\":[{\"@type\":\"WebPage\",\"@id\":\"https:\\\/\\\/peacock-int.com\\\/kamasoetra\\\/kama-sutra-2ginleidin\\\/ks-deel-iii\\\/\",\"url\":\"https:\\\/\\\/peacock-int.com\\\/kamasoetra\\\/kama-sutra-2ginleidin\\\/ks-deel-iii\\\/\",\"name\":\"KamaSoetra-Deel III\",\"isPartOf\":{\"@id\":\"https:\\\/\\\/peacock-int.com\\\/kamasoetra\\\/#website\"},\"primaryImageOfPage\":{\"@id\":\"https:\\\/\\\/peacock-int.com\\\/kamasoetra\\\/kama-sutra-2ginleidin\\\/ks-deel-iii\\\/#primaryimage\"},\"image\":{\"@id\":\"https:\\\/\\\/peacock-int.com\\\/kamasoetra\\\/kama-sutra-2ginleidin\\\/ks-deel-iii\\\/#primaryimage\"},\"thumbnailUrl\":\"https:\\\/\\\/peacock-int.com\\\/kamasoetra\\\/wp-content\\\/uploads\\\/2022\\\/02\\\/quote-blue-e1644166233850-300x149.png\",\"datePublished\":\"2022-01-26T11:35:02+00:00\",\"dateModified\":\"2022-02-14T16:09:04+00:00\",\"description\":\"Kanya Samprayuktaka (vereniging van mannen en vrouwen) Wanneer een meisje van dezelfde kaste en een maagd getrouwd is { Lees verder ...]\",\"breadcrumb\":{\"@id\":\"https:\\\/\\\/peacock-int.com\\\/kamasoetra\\\/kama-sutra-2ginleidin\\\/ks-deel-iii\\\/#breadcrumb\"},\"inLanguage\":\"nl-NL\",\"potentialAction\":[{\"@type\":\"ReadAction\",\"target\":[\"https:\\\/\\\/peacock-int.com\\\/kamasoetra\\\/kama-sutra-2ginleidin\\\/ks-deel-iii\\\/\"]}]},{\"@type\":\"ImageObject\",\"inLanguage\":\"nl-NL\",\"@id\":\"https:\\\/\\\/peacock-int.com\\\/kamasoetra\\\/kama-sutra-2ginleidin\\\/ks-deel-iii\\\/#primaryimage\",\"url\":\"https:\\\/\\\/peacock-int.com\\\/kamasoetra\\\/wp-content\\\/uploads\\\/2022\\\/02\\\/quote-blue-e1644166233850-300x149.png\",\"contentUrl\":\"https:\\\/\\\/peacock-int.com\\\/kamasoetra\\\/wp-content\\\/uploads\\\/2022\\\/02\\\/quote-blue-e1644166233850-300x149.png\"},{\"@type\":\"BreadcrumbList\",\"@id\":\"https:\\\/\\\/peacock-int.com\\\/kamasoetra\\\/kama-sutra-2ginleidin\\\/ks-deel-iii\\\/#breadcrumb\",\"itemListElement\":[{\"@type\":\"ListItem\",\"position\":1,\"name\":\"Home\",\"item\":\"https:\\\/\\\/peacock-int.com\\\/kamasoetra\\\/\"},{\"@type\":\"ListItem\",\"position\":2,\"name\":\"K\u0101ma-s\u016btra\",\"item\":\"https:\\\/\\\/peacock-int.com\\\/kamasoetra\\\/\"},{\"@type\":\"ListItem\",\"position\":3,\"name\":\"KamaSoetra-Deel III\"}]},{\"@type\":\"WebSite\",\"@id\":\"https:\\\/\\\/peacock-int.com\\\/kamasoetra\\\/#website\",\"url\":\"https:\\\/\\\/peacock-int.com\\\/kamasoetra\\\/\",\"name\":\"Kama-Soetra\",\"description\":\"Aforismen over Liefde\",\"publisher\":{\"@id\":\"https:\\\/\\\/peacock-int.com\\\/kamasoetra\\\/#organization\"},\"potentialAction\":[{\"@type\":\"SearchAction\",\"target\":{\"@type\":\"EntryPoint\",\"urlTemplate\":\"https:\\\/\\\/peacock-int.com\\\/kamasoetra\\\/?s={search_term_string}\"},\"query-input\":{\"@type\":\"PropertyValueSpecification\",\"valueRequired\":true,\"valueName\":\"search_term_string\"}}],\"inLanguage\":\"nl-NL\"},{\"@type\":\"Organization\",\"@id\":\"https:\\\/\\\/peacock-int.com\\\/kamasoetra\\\/#organization\",\"name\":\"Kama-Soetra\",\"url\":\"https:\\\/\\\/peacock-int.com\\\/kamasoetra\\\/\",\"logo\":{\"@type\":\"ImageObject\",\"inLanguage\":\"nl-NL\",\"@id\":\"https:\\\/\\\/peacock-int.com\\\/kamasoetra\\\/#\\\/schema\\\/logo\\\/image\\\/\",\"url\":\"https:\\\/\\\/i0.wp.com\\\/peacock-int.com\\\/kamasoetra\\\/wp-content\\\/uploads\\\/2022\\\/02\\\/cropped-logo-KS.png?fit=192%2C92&ssl=1\",\"contentUrl\":\"https:\\\/\\\/i0.wp.com\\\/peacock-int.com\\\/kamasoetra\\\/wp-content\\\/uploads\\\/2022\\\/02\\\/cropped-logo-KS.png?fit=192%2C92&ssl=1\",\"width\":192,\"height\":92,\"caption\":\"Kama-Soetra\"},\"image\":{\"@id\":\"https:\\\/\\\/peacock-int.com\\\/kamasoetra\\\/#\\\/schema\\\/logo\\\/image\\\/\"}}]}<\/script>\n<!-- \/ Yoast SEO plugin. -->","yoast_head_json":{"title":"KamaSoetra-Deel III","description":"Kanya Samprayuktaka (vereniging van mannen en vrouwen) Wanneer een meisje van dezelfde kaste en een maagd getrouwd is { Lees verder ...]","robots":{"index":"index","follow":"follow","max-snippet":"max-snippet:-1","max-image-preview":"max-image-preview:large","max-video-preview":"max-video-preview:-1"},"canonical":"https:\/\/peacock-int.com\/kamasoetra\/kama-sutra-2ginleidin\/ks-deel-iii\/","og_locale":"nl_NL","og_type":"article","og_title":"KamaSoetra-Deel III","og_description":"Kanya Samprayuktaka (vereniging van mannen en vrouwen) Wanneer een meisje van dezelfde kaste en een maagd getrouwd is { Lees verder ...]","og_url":"https:\/\/peacock-int.com\/kamasoetra\/kama-sutra-2ginleidin\/ks-deel-iii\/","og_site_name":"Kama-Soetra","article_modified_time":"2022-02-14T16:09:04+00:00","og_image":[{"url":"https:\/\/peacock-int.com\/kamasoetra\/wp-content\/uploads\/2022\/02\/quote-blue-e1644166233850-300x149.png","type":"","width":"","height":""}],"twitter_card":"summary_large_image","twitter_misc":{"Verwachte leestijd":"7 minuten"},"schema":{"@context":"https:\/\/schema.org","@graph":[{"@type":"WebPage","@id":"https:\/\/peacock-int.com\/kamasoetra\/kama-sutra-2ginleidin\/ks-deel-iii\/","url":"https:\/\/peacock-int.com\/kamasoetra\/kama-sutra-2ginleidin\/ks-deel-iii\/","name":"KamaSoetra-Deel III","isPartOf":{"@id":"https:\/\/peacock-int.com\/kamasoetra\/#website"},"primaryImageOfPage":{"@id":"https:\/\/peacock-int.com\/kamasoetra\/kama-sutra-2ginleidin\/ks-deel-iii\/#primaryimage"},"image":{"@id":"https:\/\/peacock-int.com\/kamasoetra\/kama-sutra-2ginleidin\/ks-deel-iii\/#primaryimage"},"thumbnailUrl":"https:\/\/peacock-int.com\/kamasoetra\/wp-content\/uploads\/2022\/02\/quote-blue-e1644166233850-300x149.png","datePublished":"2022-01-26T11:35:02+00:00","dateModified":"2022-02-14T16:09:04+00:00","description":"Kanya Samprayuktaka (vereniging van mannen en vrouwen) Wanneer een meisje van dezelfde kaste en een maagd getrouwd is { Lees verder ...]","breadcrumb":{"@id":"https:\/\/peacock-int.com\/kamasoetra\/kama-sutra-2ginleidin\/ks-deel-iii\/#breadcrumb"},"inLanguage":"nl-NL","potentialAction":[{"@type":"ReadAction","target":["https:\/\/peacock-int.com\/kamasoetra\/kama-sutra-2ginleidin\/ks-deel-iii\/"]}]},{"@type":"ImageObject","inLanguage":"nl-NL","@id":"https:\/\/peacock-int.com\/kamasoetra\/kama-sutra-2ginleidin\/ks-deel-iii\/#primaryimage","url":"https:\/\/peacock-int.com\/kamasoetra\/wp-content\/uploads\/2022\/02\/quote-blue-e1644166233850-300x149.png","contentUrl":"https:\/\/peacock-int.com\/kamasoetra\/wp-content\/uploads\/2022\/02\/quote-blue-e1644166233850-300x149.png"},{"@type":"BreadcrumbList","@id":"https:\/\/peacock-int.com\/kamasoetra\/kama-sutra-2ginleidin\/ks-deel-iii\/#breadcrumb","itemListElement":[{"@type":"ListItem","position":1,"name":"Home","item":"https:\/\/peacock-int.com\/kamasoetra\/"},{"@type":"ListItem","position":2,"name":"K\u0101ma-s\u016btra","item":"https:\/\/peacock-int.com\/kamasoetra\/"},{"@type":"ListItem","position":3,"name":"KamaSoetra-Deel III"}]},{"@type":"WebSite","@id":"https:\/\/peacock-int.com\/kamasoetra\/#website","url":"https:\/\/peacock-int.com\/kamasoetra\/","name":"Kama-Soetra","description":"Aforismen over Liefde","publisher":{"@id":"https:\/\/peacock-int.com\/kamasoetra\/#organization"},"potentialAction":[{"@type":"SearchAction","target":{"@type":"EntryPoint","urlTemplate":"https:\/\/peacock-int.com\/kamasoetra\/?s={search_term_string}"},"query-input":{"@type":"PropertyValueSpecification","valueRequired":true,"valueName":"search_term_string"}}],"inLanguage":"nl-NL"},{"@type":"Organization","@id":"https:\/\/peacock-int.com\/kamasoetra\/#organization","name":"Kama-Soetra","url":"https:\/\/peacock-int.com\/kamasoetra\/","logo":{"@type":"ImageObject","inLanguage":"nl-NL","@id":"https:\/\/peacock-int.com\/kamasoetra\/#\/schema\/logo\/image\/","url":"https:\/\/i0.wp.com\/peacock-int.com\/kamasoetra\/wp-content\/uploads\/2022\/02\/cropped-logo-KS.png?fit=192%2C92&ssl=1","contentUrl":"https:\/\/i0.wp.com\/peacock-int.com\/kamasoetra\/wp-content\/uploads\/2022\/02\/cropped-logo-KS.png?fit=192%2C92&ssl=1","width":192,"height":92,"caption":"Kama-Soetra"},"image":{"@id":"https:\/\/peacock-int.com\/kamasoetra\/#\/schema\/logo\/image\/"}}]}},"uagb_featured_image_src":{"full":false,"thumbnail":false,"medium":false,"medium_large":false,"large":false,"1536x1536":false,"2048x2048":false,"ocean-thumb-m":false,"ocean-thumb-ml":false,"ocean-thumb-l":false},"uagb_author_info":{"display_name":"kama-soetra","author_link":"https:\/\/peacock-int.com\/kamasoetra\/author\/walter-van-empel\/"},"uagb_comment_info":0,"uagb_excerpt":"K\u0101ma-s\u016btra DEEL III OVER HET VERKRIJGEN VAN EEN VROUW. Inhoud Hoofdstuk: Opmerkingen over verloving en huwelijk Over het cre\u00ebren van vertrouwen in het meisje Verkering, en de manifestatie van de gevoelens door uiterlijke tekenen en daden Over dingen die alleen door de man moeten worden gedaan, en de verwerving van het meisje daarbij. Ook wat&hellip;","jetpack_sharing_enabled":true,"_links":{"self":[{"href":"https:\/\/peacock-int.com\/kamasoetra\/wp-json\/wp\/v2\/pages\/137","targetHints":{"allow":["GET"]}}],"collection":[{"href":"https:\/\/peacock-int.com\/kamasoetra\/wp-json\/wp\/v2\/pages"}],"about":[{"href":"https:\/\/peacock-int.com\/kamasoetra\/wp-json\/wp\/v2\/types\/page"}],"author":[{"embeddable":true,"href":"https:\/\/peacock-int.com\/kamasoetra\/wp-json\/wp\/v2\/users\/1"}],"replies":[{"embeddable":true,"href":"https:\/\/peacock-int.com\/kamasoetra\/wp-json\/wp\/v2\/comments?post=137"}],"version-history":[{"count":5,"href":"https:\/\/peacock-int.com\/kamasoetra\/wp-json\/wp\/v2\/pages\/137\/revisions"}],"predecessor-version":[{"id":2062,"href":"https:\/\/peacock-int.com\/kamasoetra\/wp-json\/wp\/v2\/pages\/137\/revisions\/2062"}],"up":[{"embeddable":true,"href":"https:\/\/peacock-int.com\/kamasoetra\/wp-json\/wp\/v2\/pages\/4"}],"wp:attachment":[{"href":"https:\/\/peacock-int.com\/kamasoetra\/wp-json\/wp\/v2\/media?parent=137"}],"curies":[{"name":"wp","href":"https:\/\/api.w.org\/{rel}","templated":true}]}}